{"id":67,"date":"2020-03-05T13:36:36","date_gmt":"2020-03-05T12:36:36","guid":{"rendered":"http:\/\/naturedescimes.com\/?page_id=67"},"modified":"2020-05-15T11:28:52","modified_gmt":"2020-05-15T09:28:52","slug":"randonnees","status":"publish","type":"page","link":"https:\/\/naturedescimes.com\/index.php\/randonnees\/","title":{"rendered":"Randonn\u00e9es"},"content":{"rendered":"\n<p class=\"has-text-color has-large-font-size has-accent-color\">Avec Nature des Cimes, que ce soit \u00e0 la 1\/2 journ\u00e9e, \u00e0 la journ\u00e9e ou sur plusieurs jours, une randonn\u00e9e en montagne rimera toujours avec d\u00e9paysement et ressourcement. <\/p>\n\n\n\n<h2>Une activit\u00e9 physique accessible \u00e0 tous<\/h2>\n\n\n\n<p>Marcher en pleine nature permet de se d\u00e9penser, de s&rsquo;oxyg\u00e9ner et de partager des moments uniques en toute convivialit\u00e9. Nature des Cimes vous propose des sorties adapt\u00e9es \u00e0 votre \u00e2ge et \u00e0 votre condition physique, dans le respect du rythme de chacun.e. Qu&rsquo;attendez vous ? R\u00e9veillez le nomade qui est en vous et laissez-vous porter par ces moments hors du temps dans des territoires d&rsquo;exception.<\/p>\n","protected":false},"excerpt":{"rendered":"<p>Avec Nature des Cimes, que ce soit \u00e0 la 1\/2 journ\u00e9e, \u00e0 la journ\u00e9e ou sur plusieurs jours, une randonn\u00e9e en montagne rimera toujours avec d\u00e9paysement et ressourcement. Une activit\u00e9 physique accessible \u00e0 tous Marcher en pleine nature permet de se d\u00e9penser, de s&rsquo;oxyg\u00e9ner et de partager des moments uniques en toute convivialit\u00e9. Nature des [&hellip;]<\/p>\n","protected":false},"author":1,"featured_media":160,"parent":0,"menu_order":0,"comment_status":"closed","ping_status":"closed","template":"full-width-page-template.php","meta":[],"_links":{"self":[{"href":"https:\/\/naturedescimes.com\/index.php\/wp-json\/wp\/v2\/pages\/67"}],"collection":[{"href":"https:\/\/naturedescimes.com\/index.php\/wp-json\/wp\/v2\/pages"}],"about":[{"href":"https:\/\/naturedescimes.com\/index.php\/wp-json\/wp\/v2\/types\/page"}],"author":[{"embeddable":true,"href":"https:\/\/naturedescimes.com\/index.php\/wp-json\/wp\/v2\/users\/1"}],"replies":[{"embeddable":true,"href":"https:\/\/naturedescimes.com\/index.php\/wp-json\/wp\/v2\/comments?post=67"}],"version-history":[{"count":4,"href":"https:\/\/naturedescimes.com\/index.php\/wp-json\/wp\/v2\/pages\/67\/revisions"}],"predecessor-version":[{"id":176,"href":"https:\/\/naturedescimes.com\/index.php\/wp-json\/wp\/v2\/pages\/67\/revisions\/176"}],"wp:featuredmedia":[{"embeddable":true,"href":"https:\/\/naturedescimes.com\/index.php\/wp-json\/wp\/v2\/media\/160"}],"wp:attachment":[{"href":"https:\/\/naturedescimes.com\/index.php\/wp-json\/wp\/v2\/media?parent=67"}],"curies":[{"name":"wp","href":"https:\/\/api.w.org\/{rel}","templated":true}]}}