{"id":71,"date":"2020-03-05T13:16:01","date_gmt":"2020-03-05T12:16:01","guid":{"rendered":"http:\/\/naturedescimes.com\/?page_id=71"},"modified":"2020-05-25T11:40:03","modified_gmt":"2020-05-25T09:40:03","slug":"grimpe-darbre","status":"publish","type":"page","link":"https:\/\/naturedescimes.com\/index.php\/grimpe-darbre\/","title":{"rendered":"Grimpe d&rsquo;arbre"},"content":{"rendered":"\n<p class=\"has-text-color has-large-font-size has-accent-color\">La Grimpe d&rsquo;Arbre est une activit\u00e9 sportive de pleine nature, mais surtout un bel outil p\u00e9dagogique pour rencontrer l&rsquo;arbre et l&rsquo;environnement forestier.<\/p>\n\n\n\n<h2><strong>Une pratique respectueuse de l\u2019environnement et du milieu arbor\u00e9<\/strong><\/h2>\n\n\n\n<p>Support vivant de cette pratique, l&rsquo;arbre sera l&rsquo;objet de toutes nos attentions. L&rsquo;\u00e9quipement est \u00e9ph\u00e9m\u00e8re et la pratique tr\u00e8s diff\u00e9rente de celle des parcs acrobatiques en hauteur compos\u00e9s de structures fixes. Nous faisons notre maximum pour limiter l\u2019impact de l\u2019activit\u00e9 sur nos h\u00f4tes.<\/p>\n\n\n\n<h2>Les ateliers<\/h2>\n\n\n\n<div class=\"wp-block-image\"><figure class=\"alignright size-large\"><img loading=\"lazy\" width=\"683\" height=\"1024\" src=\"http:\/\/naturedescimes.com\/wp-content\/uploads\/2020\/03\/GA_hamacs-683x1024.jpg\" alt=\"\" class=\"wp-image-124\" srcset=\"https:\/\/naturedescimes.com\/wp-content\/uploads\/2020\/03\/GA_hamacs-683x1024.jpg 683w, https:\/\/naturedescimes.com\/wp-content\/uploads\/2020\/03\/GA_hamacs-200x300.jpg 200w, https:\/\/naturedescimes.com\/wp-content\/uploads\/2020\/03\/GA_hamacs-768x1152.jpg 768w, https:\/\/naturedescimes.com\/wp-content\/uploads\/2020\/03\/GA_hamacs-1024x1536.jpg 1024w, https:\/\/naturedescimes.com\/wp-content\/uploads\/2020\/03\/GA_hamacs-1365x2048.jpg 1365w, https:\/\/naturedescimes.com\/wp-content\/uploads\/2020\/03\/GA_hamacs-900x1350.jpg 900w, https:\/\/naturedescimes.com\/wp-content\/uploads\/2020\/03\/GA_hamacs-1280x1920.jpg 1280w, https:\/\/naturedescimes.com\/wp-content\/uploads\/2020\/03\/GA_hamacs-scaled.jpg 1707w\" sizes=\"(max-width: 683px) 100vw, 683px\" \/><\/figure><\/div>\n\n\n\n<p>Diff\u00e9rentes installations peuvent \u00eatre mises en places : <\/p>\n\n\n\n<ul><li>d\u00e9placez-vous dans les branches \u00e0 l&rsquo;aide des cordes et \u00e9voluez jusqu&rsquo;\u00e0 la cime des arbres ;<\/li><li>profitez des hamacs et des plateformes a\u00e9riennes pour vous reposez et r\u00eavez dans la canop\u00e9e ;<\/li><li>exp\u00e9rimentez de nouvelles sensations en traversant des ponts de singe, des <em>slacklines<\/em> (\u00e9quilibre sur sangle) ou des tyroliennes.<\/li><\/ul>\n\n\n\n<h2>Les lieux de pratique<\/h2>\n\n\n\n<p>La Grimpe d&rsquo;arbre se pratique partout o\u00f9 les arbres sont sains, avec  l\u2019autorisation du propri\u00e9taire. Venez d\u00e9couvrir un de nos sites privil\u00e9gi\u00e9s au c\u0153ur de la Chartreuse ou, si vous le d\u00e9sirez, choisissons ensemble un espace bois\u00e9 propice pr\u00e8s de chez vous.<\/p>\n\n\n\n<h2>Le public<\/h2>\n\n\n\n<p>Du public d\u00e9pendra la prestation : <\/p>\n\n\n\n<ul><li>Familles, adultes individuels ou groupes constitu\u00e9s ;<\/li><li>S\u00e9minaires d&rsquo;entreprise, anniversaires et \u00e9v\u00e9nements festifs ;<\/li><li>Enfants, scolaires, centres de loisirs.<\/li><\/ul>\n\n\n\n<h2>La s\u00e9curit\u00e9<\/h2>\n\n\n\n<p>Encadr\u00e9e par des \u00c9ducateurs Grimpe d\u2019Arbres dipl\u00f4m\u00e9s, cette activit\u00e9 se pratique avec du mat\u00e9riel sp\u00e9cifique, norm\u00e9 et contr\u00f4l\u00e9.<\/p>\n","protected":false},"excerpt":{"rendered":"<p>La Grimpe d&rsquo;Arbre est une activit\u00e9 sportive de pleine nature, mais surtout un bel outil p\u00e9dagogique pour rencontrer l&rsquo;arbre et l&rsquo;environnement forestier. Une pratique respectueuse de l\u2019environnement et du milieu arbor\u00e9 Support vivant de cette pratique, l&rsquo;arbre sera l&rsquo;objet de toutes nos attentions. L&rsquo;\u00e9quipement est \u00e9ph\u00e9m\u00e8re et la pratique tr\u00e8s diff\u00e9rente de celle des parcs [&hellip;]<\/p>\n","protected":false},"author":1,"featured_media":130,"parent":0,"menu_order":0,"comment_status":"closed","ping_status":"closed","template":"full-width-page-template.php","meta":[],"_links":{"self":[{"href":"https:\/\/naturedescimes.com\/index.php\/wp-json\/wp\/v2\/pages\/71"}],"collection":[{"href":"https:\/\/naturedescimes.com\/index.php\/wp-json\/wp\/v2\/pages"}],"about":[{"href":"https:\/\/naturedescimes.com\/index.php\/wp-json\/wp\/v2\/types\/page"}],"author":[{"embeddable":true,"href":"https:\/\/naturedescimes.com\/index.php\/wp-json\/wp\/v2\/users\/1"}],"replies":[{"embeddable":true,"href":"https:\/\/naturedescimes.com\/index.php\/wp-json\/wp\/v2\/comments?post=71"}],"version-history":[{"count":9,"href":"https:\/\/naturedescimes.com\/index.php\/wp-json\/wp\/v2\/pages\/71\/revisions"}],"predecessor-version":[{"id":178,"href":"https:\/\/naturedescimes.com\/index.php\/wp-json\/wp\/v2\/pages\/71\/revisions\/178"}],"wp:featuredmedia":[{"embeddable":true,"href":"https:\/\/naturedescimes.com\/index.php\/wp-json\/wp\/v2\/media\/130"}],"wp:attachment":[{"href":"https:\/\/naturedescimes.com\/index.php\/wp-json\/wp\/v2\/media?parent=71"}],"curies":[{"name":"wp","href":"https:\/\/api.w.org\/{rel}","templated":true}]}}